{"id":5049,"date":"2024-01-17T21:00:09","date_gmt":"2024-01-18T00:00:09","guid":{"rendered":"https:\/\/afamac.com.ar\/catalogo\/?page_id=5049"},"modified":"2024-02-22T20:15:54","modified_gmt":"2024-02-22T23:15:54","slug":"aliados-estrategicos","status":"publish","type":"page","link":"https:\/\/afamac.com.ar\/catalogo\/aliados-estrategicos\/","title":{"rendered":"Aliados Estrat\u00e9gicos"},"content":{"rendered":"<p><div class=\"fusion-fullwidth fullwidth-box fusion-builder-row-1 hundred-percent-fullwidth non-hundred-percent-height-scrolling\" style=\"--awb-border-radius-top-left:0px;--awb-border-radius-top-right:0px;--awb-border-radius-bottom-right:0px;--awb-border-radius-bottom-left:0px;--awb-flex-wrap:wrap;\" ><div class=\"fusion-builder-row fusion-row\"><div class=\"fusion-layout-column fusion_builder_column fusion-builder-column-0 fusion_builder_column_1_1 1_1 fusion-one-full fusion-column-first fusion-column-last\" style=\"--awb-bg-size:cover;\"><div class=\"fusion-column-wrapper fusion-flex-column-wrapper-legacy\"><div class=\"fusion-sep-clear\"><\/div><div class=\"fusion-separator fusion-full-width-sep\" style=\"margin-left: auto;margin-right: auto;margin-top:0px;margin-bottom:30px;width:100%;max-width:100%;\"><div class=\"fusion-separator-border sep-single sep-solid\" style=\"--awb-height:20px;--awb-amount:20px;border-color:#eae8e8;border-top-width:1px;\"><\/div><\/div><div class=\"fusion-sep-clear\"><\/div><div class=\"fusion-clearfix\"><\/div><\/div><\/div><\/div><\/div><div class=\"fusion-fullwidth fullwidth-box fusion-builder-row-2 nonhundred-percent-fullwidth non-hundred-percent-height-scrolling\" style=\"--awb-border-radius-top-left:0px;--awb-border-radius-top-right:0px;--awb-border-radius-bottom-right:0px;--awb-border-radius-bottom-left:0px;--awb-margin-top:5px;--awb-margin-bottom:5px;--awb-flex-wrap:wrap;\" ><div class=\"fusion-builder-row fusion-row\"><div class=\"fusion-layout-column fusion_builder_column fusion-builder-column-1 fusion_builder_column_1_1 1_1 fusion-one-full fusion-column-first fusion-column-last\" style=\"--awb-bg-size:cover;\"><div class=\"fusion-column-wrapper fusion-flex-column-wrapper-legacy\"><div class=\"fusion-text fusion-text-1\"><h2 style=\"text-align: center;\">ALIADOS ESTRAT\u00c9GICOS \/\u00a0<span style=\"color: #808080;\">STRATEGIC ALLIES<\/span><\/h2>\n<\/div><div class=\"fusion-clearfix\"><\/div><\/div><\/div><\/div><\/div><div class=\"fusion-fullwidth fullwidth-box fusion-builder-row-3 hundred-percent-fullwidth non-hundred-percent-height-scrolling\" style=\"--awb-border-radius-top-left:0px;--awb-border-radius-top-right:0px;--awb-border-radius-bottom-right:0px;--awb-border-radius-bottom-left:0px;--awb-padding-top:5px;--awb-padding-bottom:5px;--awb-flex-wrap:wrap;\" ><div class=\"fusion-builder-row fusion-row\"><div class=\"fusion-layout-column fusion_builder_column fusion-builder-column-2 fusion_builder_column_1_6 1_6 fusion-one-sixth fusion-column-first\" style=\"--awb-bg-size:cover;width:16.666666666667%;width:calc(16.666666666667% - ( ( 4% + 4% + 4% ) * 0.16666666666667 ) );margin-right: 4%;\"><div class=\"fusion-column-wrapper fusion-flex-column-wrapper-legacy\"><div class=\"fusion-clearfix\"><\/div><\/div><\/div><div class=\"fusion-layout-column fusion_builder_column fusion-builder-column-3 fusion_builder_column_1_3 1_3 fusion-one-third\" style=\"--awb-bg-size:cover;width:33.333333333333%;width:calc(33.333333333333% - ( ( 4% + 4% + 4% ) * 0.33333333333333 ) );margin-right: 4%;\"><div class=\"fusion-column-wrapper fusion-flex-column-wrapper-legacy\"><div class=\"fusion-text fusion-text-2\"><p>Las alianzas estrat\u00e9gicas son fundamentales para reducir costos, mejorar la competitividad, complementar la oferta de productos y servicios, acceder a nuevos mercados y tecnolog\u00edas, obtener sinergias, entre otros beneficios.<\/p>\n<p>Con el objetivo de fortalecer la vinculaci\u00f3n institucional, AFAMAC sum\u00f3 aliados estrat\u00e9gicos.<\/p>\n<\/div><div class=\"fusion-clearfix\"><\/div><\/div><\/div><div class=\"fusion-layout-column fusion_builder_column fusion-builder-column-4 fusion_builder_column_1_3 1_3 fusion-one-third\" style=\"--awb-bg-size:cover;width:33.333333333333%;width:calc(33.333333333333% - ( ( 4% + 4% + 4% ) * 0.33333333333333 ) );margin-right: 4%;\"><div class=\"fusion-column-wrapper fusion-flex-column-wrapper-legacy\"><div class=\"fusion-text fusion-text-3\"><p><span style=\"color: #808080;\">Strategic alliances are essential to reduce costs, improve competitiveness, complement the offer of products and services, access new markets and technologies, ensure synergies, among other benefits.<\/span><\/p>\n<p><span style=\"color: #808080;\">With the objective of strengthening the institutional connections, AFAMAC added strategic allies.<br \/>\n<\/span><\/p>\n<\/div><div class=\"fusion-clearfix\"><\/div><\/div><\/div><div class=\"fusion-layout-column fusion_builder_column fusion-builder-column-5 fusion_builder_column_1_6 1_6 fusion-one-sixth fusion-column-last\" style=\"--awb-bg-size:cover;width:16.666666666667%;width:calc(16.666666666667% - ( ( 4% + 4% + 4% ) * 0.16666666666667 ) );\"><div class=\"fusion-column-wrapper fusion-flex-column-wrapper-legacy\"><div class=\"fusion-clearfix\"><\/div><\/div><\/div><div class=\"fusion-layout-column fusion_builder_column fusion-builder-column-6 fusion_builder_column_1_4 1_4 fusion-one-fourth fusion-column-first\" style=\"--awb-bg-size:cover;width:25%;width:calc(25% - ( ( 4% + 4% + 4% ) * 0.25 ) );margin-right: 4%;\"><div class=\"fusion-column-wrapper fusion-column-has-shadow fusion-flex-column-wrapper-legacy\"><div class=\"fusion-image-element in-legacy-container\" style=\"--awb-caption-title-font-family:var(--h2_typography-font-family);--awb-caption-title-font-weight:var(--h2_typography-font-weight);--awb-caption-title-font-style:var(--h2_typography-font-style);--awb-caption-title-size:var(--h2_typography-font-size);--awb-caption-title-transform:var(--h2_typography-text-transform);--awb-caption-title-line-height:var(--h2_typography-line-height);--awb-caption-title-letter-spacing:var(--h2_typography-letter-spacing);\"><span class=\" fusion-imageframe imageframe-none imageframe-1 hover-type-none\"><a class=\"fusion-no-lightbox\" href=\"https:\/\/www.agrofy.com.ar\/\" target=\"_blank\" aria-label=\"logo-aliados-agrofy-2\" rel=\"noopener noreferrer\"><img decoding=\"async\" width=\"545\" height=\"231\" src=\"https:\/\/afamac.com.ar\/catalogo\/wp-content\/uploads\/2024\/02\/logo-aliados-agrofy-2.jpg\" alt class=\"img-responsive wp-image-5132\" srcset=\"https:\/\/afamac.com.ar\/catalogo\/wp-content\/uploads\/2024\/02\/logo-aliados-agrofy-2-200x85.jpg 200w, https:\/\/afamac.com.ar\/catalogo\/wp-content\/uploads\/2024\/02\/logo-aliados-agrofy-2-400x170.jpg 400w, https:\/\/afamac.com.ar\/catalogo\/wp-content\/uploads\/2024\/02\/logo-aliados-agrofy-2.jpg 545w\" sizes=\"(max-width: 800px) 100vw, 400px\" \/><\/a><\/span><\/div><div class=\"fusion-clearfix\"><\/div><\/div><\/div><div class=\"fusion-layout-column fusion_builder_column fusion-builder-column-7 fusion_builder_column_1_4 1_4 fusion-one-fourth\" style=\"--awb-bg-size:cover;width:25%;width:calc(25% - ( ( 4% + 4% + 4% ) * 0.25 ) );margin-right: 4%;\"><div class=\"fusion-column-wrapper fusion-column-has-shadow fusion-flex-column-wrapper-legacy\"><div class=\"fusion-image-element in-legacy-container\" style=\"--awb-caption-title-font-family:var(--h2_typography-font-family);--awb-caption-title-font-weight:var(--h2_typography-font-weight);--awb-caption-title-font-style:var(--h2_typography-font-style);--awb-caption-title-size:var(--h2_typography-font-size);--awb-caption-title-transform:var(--h2_typography-text-transform);--awb-caption-title-line-height:var(--h2_typography-line-height);--awb-caption-title-letter-spacing:var(--h2_typography-letter-spacing);\"><span class=\" fusion-imageframe imageframe-none imageframe-2 hover-type-none\"><a class=\"fusion-no-lightbox\" href=\"https:\/\/www.bancor.com.ar\/\" target=\"_blank\" aria-label=\"logo-aliados-bancor-2\" rel=\"noopener noreferrer\"><img decoding=\"async\" width=\"545\" height=\"231\" src=\"https:\/\/afamac.com.ar\/catalogo\/wp-content\/uploads\/2024\/02\/logo-aliados-bancor-2.jpg\" alt class=\"img-responsive wp-image-5130\" srcset=\"https:\/\/afamac.com.ar\/catalogo\/wp-content\/uploads\/2024\/02\/logo-aliados-bancor-2-200x85.jpg 200w, https:\/\/afamac.com.ar\/catalogo\/wp-content\/uploads\/2024\/02\/logo-aliados-bancor-2-400x170.jpg 400w, https:\/\/afamac.com.ar\/catalogo\/wp-content\/uploads\/2024\/02\/logo-aliados-bancor-2.jpg 545w\" sizes=\"(max-width: 800px) 100vw, 400px\" \/><\/a><\/span><\/div><div class=\"fusion-clearfix\"><\/div><\/div><\/div><div class=\"fusion-layout-column fusion_builder_column fusion-builder-column-8 fusion_builder_column_1_4 1_4 fusion-one-fourth\" style=\"--awb-bg-size:cover;width:25%;width:calc(25% - ( ( 4% + 4% + 4% ) * 0.25 ) );margin-right: 4%;\"><div class=\"fusion-column-wrapper fusion-column-has-shadow fusion-flex-column-wrapper-legacy\"><div class=\"fusion-image-element in-legacy-container\" style=\"--awb-caption-title-font-family:var(--h2_typography-font-family);--awb-caption-title-font-weight:var(--h2_typography-font-weight);--awb-caption-title-font-style:var(--h2_typography-font-style);--awb-caption-title-size:var(--h2_typography-font-size);--awb-caption-title-transform:var(--h2_typography-text-transform);--awb-caption-title-line-height:var(--h2_typography-line-height);--awb-caption-title-letter-spacing:var(--h2_typography-letter-spacing);\"><span class=\" fusion-imageframe imageframe-none imageframe-3 hover-type-none\"><a class=\"fusion-no-lightbox\" href=\"https:\/\/www.consultnet.com.ar\/\" target=\"_blank\" aria-label=\"logo-aliados-consultnet\" rel=\"noopener noreferrer\"><img decoding=\"async\" width=\"545\" height=\"231\" src=\"https:\/\/afamac.com.ar\/catalogo\/wp-content\/uploads\/2024\/01\/logo-aliados-consultnet.jpg\" alt class=\"img-responsive wp-image-5053\" srcset=\"https:\/\/afamac.com.ar\/catalogo\/wp-content\/uploads\/2024\/01\/logo-aliados-consultnet-200x85.jpg 200w, https:\/\/afamac.com.ar\/catalogo\/wp-content\/uploads\/2024\/01\/logo-aliados-consultnet-400x170.jpg 400w, https:\/\/afamac.com.ar\/catalogo\/wp-content\/uploads\/2024\/01\/logo-aliados-consultnet.jpg 545w\" sizes=\"(max-width: 800px) 100vw, 400px\" \/><\/a><\/span><\/div><div class=\"fusion-clearfix\"><\/div><\/div><\/div><div class=\"fusion-layout-column fusion_builder_column fusion-builder-column-9 fusion_builder_column_1_4 1_4 fusion-one-fourth fusion-column-last\" style=\"--awb-bg-size:cover;width:25%;width:calc(25% - ( ( 4% + 4% + 4% ) * 0.25 ) );\"><div class=\"fusion-column-wrapper fusion-column-has-shadow fusion-flex-column-wrapper-legacy\"><div class=\"fusion-image-element in-legacy-container\" style=\"--awb-caption-title-font-family:var(--h2_typography-font-family);--awb-caption-title-font-weight:var(--h2_typography-font-weight);--awb-caption-title-font-style:var(--h2_typography-font-style);--awb-caption-title-size:var(--h2_typography-font-size);--awb-caption-title-transform:var(--h2_typography-text-transform);--awb-caption-title-line-height:var(--h2_typography-line-height);--awb-caption-title-letter-spacing:var(--h2_typography-letter-spacing);\"><span class=\" fusion-imageframe imageframe-none imageframe-4 hover-type-none\"><a class=\"fusion-no-lightbox\" href=\"http:\/\/estudiofidelio.com.ar\/\" target=\"_blank\" aria-label=\"logo-aliados-fidelio\" rel=\"noopener noreferrer\"><img decoding=\"async\" width=\"545\" height=\"231\" src=\"https:\/\/afamac.com.ar\/catalogo\/wp-content\/uploads\/2024\/01\/logo-aliados-fidelio.jpg\" alt class=\"img-responsive wp-image-5054\" srcset=\"https:\/\/afamac.com.ar\/catalogo\/wp-content\/uploads\/2024\/01\/logo-aliados-fidelio-200x85.jpg 200w, https:\/\/afamac.com.ar\/catalogo\/wp-content\/uploads\/2024\/01\/logo-aliados-fidelio-400x170.jpg 400w, https:\/\/afamac.com.ar\/catalogo\/wp-content\/uploads\/2024\/01\/logo-aliados-fidelio.jpg 545w\" sizes=\"(max-width: 800px) 100vw, 400px\" \/><\/a><\/span><\/div><div class=\"fusion-clearfix\"><\/div><\/div><\/div><div class=\"fusion-layout-column fusion_builder_column fusion-builder-column-10 fusion_builder_column_1_1 1_1 fusion-one-full fusion-column-first fusion-column-last\" style=\"--awb-bg-size:cover;\"><div class=\"fusion-column-wrapper fusion-column-has-shadow fusion-flex-column-wrapper-legacy\"><div class=\"fusion-sep-clear\"><\/div><div class=\"fusion-separator fusion-full-width-sep\" style=\"margin-left: auto;margin-right: auto;margin-top:20px;margin-bottom:50px;width:100%;\"><div class=\"fusion-separator-border sep-single\" style=\"--awb-height:20px;--awb-amount:20px;--awb-sep-color:#ffffff;border-color:#ffffff;border-top-width:2px;\"><\/div><\/div><div class=\"fusion-sep-clear\"><\/div><div class=\"fusion-clearfix\"><\/div><\/div><\/div><\/div><\/div><\/p>\n","protected":false},"excerpt":{"rendered":"","protected":false},"author":5,"featured_media":0,"parent":0,"menu_order":0,"comment_status":"closed","ping_status":"closed","template":"100-width.php","meta":{"footnotes":""},"class_list":["post-5049","page","type-page","status-publish","hentry"],"_links":{"self":[{"href":"https:\/\/afamac.com.ar\/catalogo\/wp-json\/wp\/v2\/pages\/5049","targetHints":{"allow":["GET"]}}],"collection":[{"href":"https:\/\/afamac.com.ar\/catalogo\/wp-json\/wp\/v2\/pages"}],"about":[{"href":"https:\/\/afamac.com.ar\/catalogo\/wp-json\/wp\/v2\/types\/page"}],"author":[{"embeddable":true,"href":"https:\/\/afamac.com.ar\/catalogo\/wp-json\/wp\/v2\/users\/5"}],"replies":[{"embeddable":true,"href":"https:\/\/afamac.com.ar\/catalogo\/wp-json\/wp\/v2\/comments?post=5049"}],"version-history":[{"count":7,"href":"https:\/\/afamac.com.ar\/catalogo\/wp-json\/wp\/v2\/pages\/5049\/revisions"}],"predecessor-version":[{"id":5159,"href":"https:\/\/afamac.com.ar\/catalogo\/wp-json\/wp\/v2\/pages\/5049\/revisions\/5159"}],"wp:attachment":[{"href":"https:\/\/afamac.com.ar\/catalogo\/wp-json\/wp\/v2\/media?parent=5049"}],"curies":[{"name":"wp","href":"https:\/\/api.w.org\/{rel}","templated":true}]}}